{"id":36,"date":"2024-05-02T05:22:35","date_gmt":"2024-05-02T05:22:35","guid":{"rendered":"https:\/\/faststart.budujemystrone.pl\/?page_id=36"},"modified":"2025-06-04T14:36:51","modified_gmt":"2025-06-04T14:36:51","slug":"polityka-prywatnosci","status":"publish","type":"page","link":"https:\/\/psychogenogramy.com\/en\/polityka-prywatnosci\/","title":{"rendered":"Privacy Policy"},"content":{"rendered":"<style>.kb-row-layout-id36_9f595a-53 > .kt-row-column-wrap{align-content:start;}:where(.kb-row-layout-id36_9f595a-53 > .kt-row-column-wrap) > .wp-block-kadence-column{justify-content:start;}.kb-row-layout-id36_9f595a-53 > .kt-row-column-wrap{column-gap:var(--global-kb-gap-md, 2rem);row-gap:var(--global-kb-gap-md, 2rem);max-width:var( --global-content-width, 1290px );padding-left:var(--global-content-edge-padding);padding-right:var(--global-content-edge-padding);padding-top:var(--global-kb-spacing-xxl, 5rem);padding-bottom:var(--global-kb-spacing-xxl, 5rem);grid-template-columns:minmax(0, 1fr);}.kb-row-layout-id36_9f595a-53 > .kt-row-layout-overlay{opacity:0.30;}@media all and (max-width: 1024px){.kb-row-layout-id36_9f595a-53 > .kt-row-column-wrap{grid-template-columns:minmax(0, 1fr);}}@media all and (max-width: 767px){.kb-row-layout-id36_9f595a-53 > .kt-row-column-wrap{padding-top:var(--global-kb-spacing-md, 2rem);padding-bottom:var(--global-kb-spacing-md, 2rem);grid-template-columns:minmax(0, 1fr);}}<\/style><div class=\"kb-row-layout-wrap kb-row-layout-id36_9f595a-53 alignfull wp-block-kadence-rowlayout\"><div class=\"kt-row-column-wrap kt-has-1-columns kt-row-layout-equal kt-tab-layout-inherit kt-mobile-layout-row kt-row-valign-top kb-theme-content-width\">\n<style>.kadence-column36_416dd5-96 > .kt-inside-inner-col,.kadence-column36_416dd5-96 > .kt-inside-inner-col:before{border-top-left-radius:0px;border-top-right-radius:0px;border-bottom-right-radius:0px;border-bottom-left-radius:0px;}.kadence-column36_416dd5-96 > .kt-inside-inner-col{column-gap:var(--global-kb-gap-sm, 1rem);}.kadence-column36_416dd5-96 > .kt-inside-inner-col{flex-direction:column;}.kadence-column36_416dd5-96 > .kt-inside-inner-col > .aligncenter{width:100%;}.kadence-column36_416dd5-96 > .kt-inside-inner-col:before{opacity:0.3;}.kadence-column36_416dd5-96{position:relative;}@media all and (max-width: 1024px){.kadence-column36_416dd5-96 > .kt-inside-inner-col{flex-direction:column;justify-content:center;}}@media all and (max-width: 767px){.kadence-column36_416dd5-96 > .kt-inside-inner-col{flex-direction:column;justify-content:center;}}<\/style>\n<div class=\"wp-block-kadence-column kadence-column36_416dd5-96\"><div class=\"kt-inside-inner-col\">\n<h2 class=\"wp-block-heading\">The Privacy Policy describes how we process information about you, including your personal data and cookies.<\/h2>\n\n\n\n<hr class=\"wp-block-separator has-alpha-channel-opacity\"\/>\n\n\n\n<h2 class=\"wp-block-heading\"><strong>1. General Information<\/strong><\/h2>\n\n\n\n<ol class=\"wp-block-list\">\n<li class=\"translation-block\"><p>This policy applies to the Website operating under the URL: <strong>psychogenogramy.com<\/strong><\/p><\/li>\n\n\n\n<li>The operator of the website and the Administrator of personal data is: Mariola Gardzij ul. Polna 15A 34-370 Rajcza<\/li>\n\n\n\n<li>The operator's contact email address is: gardzijmariola@gmail.com<\/li>\n\n\n\n<li>Operator jest Administratorem Twoich danych osobowych w odniesieniu do danych podanych dobrowolnie w Serwisie.<\/li>\n\n\n\n<li>Serwis wykorzystuje dane osobowe w nast\u0119puj\u0105cych celach:\n<ul class=\"wp-block-list\">\n<li>Prowadzenie newslettera<\/li>\n\n\n\n<li>Prowadzenie systemu komentarzy<\/li>\n\n\n\n<li>Obs\u0142uga zapyta\u0144 przez formularz<\/li>\n\n\n\n<li>Realizacja zam\u00f3wionych us\u0142ug<\/li>\n<\/ul>\n<\/li>\n\n\n\n<li>Serwis realizuje funkcje pozyskiwania informacji o u\u017cytkownikach i ich zachowaniu w nast\u0119puj\u0105cy spos\u00f3b:\n<ol class=\"wp-block-list\">\n<li>Poprzez dobrowolnie wprowadzone w formularzach dane, kt\u00f3re zostaj\u0105 wprowadzone do system\u00f3w Operatora.<\/li>\n\n\n\n<li>Poprzez zapisywanie w urz\u0105dzeniach ko\u0144cowych plik\u00f3w cookie (tzw. \u201eciasteczka\u201d).<\/li>\n<\/ol>\n<\/li>\n<\/ol>\n\n\n\n<h2 class=\"wp-block-heading\"><strong>2. Selected Data Protection Methods Used by the Operator<\/strong><\/h2>\n\n\n\n<ol class=\"wp-block-list\">\n<li>Login and personal data entry points are secured with a transmission layer (SSL certificate). This means that personal and login data entered on the site are encrypted on the user's computer and can only be read on the target server.<\/li>\n\n\n\n<li>Personal data stored in the database is encrypted in such a way that only the Operator possessing the key can read it. This protects the data in case the database is stolen from the server.<\/li>\n\n\n\n<li>User passwords are stored in hashed form. The hashing function is one-way, meaning it's impossible to reverse its operation. This represents the current modern standard for storing user passwords.<\/li>\n\n\n\n<li>The service uses two-factor authentication, which provides an additional form of login protection for the Website.<\/li>\n\n\n\n<li>The Operator periodically changes their administrative passwords.<\/li>\n\n\n\n<li>The Operator regularly performs backups to protect data.<\/li>\n\n\n\n<li>A crucial element of data protection is the regular updating of all software used by the Operator for processing personal data, which specifically means regular updates of programming components.<\/li>\n<\/ol>\n\n\n\n<h2 class=\"wp-block-heading\"><strong>3. Hosting<\/strong><\/h2>\n\n\n\n<ol class=\"wp-block-list\">\n<li>The Service is hosted (technically maintained) on the servers of the operator: cyberFolks.pl.<\/li>\n\n\n\n<li>Firma hostingowa w celu zapewnienia niezawodno\u015bci technicznej prowadzi logi na poziomie serwera. Zapisowi mog\u0105 podlega\u0107:\n<ul class=\"wp-block-list\">\n<li>zasoby okre\u015blone identyfikatorem URL (adresy \u017c\u0105danych zasob\u00f3w \u2013 stron, plik\u00f3w),<\/li>\n\n\n\n<li>czas nadej\u015bcia zapytania,<\/li>\n\n\n\n<li>czas wys\u0142ania odpowiedzi,<\/li>\n\n\n\n<li>nazw\u0119 stacji klienta \u2013 identyfikacja realizowana przez protok\u00f3\u0142 HTTP,<\/li>\n\n\n\n<li>informacje o b\u0142\u0119dach jakie nast\u0105pi\u0142y przy realizacji transakcji HTTP,<\/li>\n\n\n\n<li>adres URL strony poprzednio odwiedzanej przez u\u017cytkownika (referer link) \u2013 w przypadku gdy przej\u015bcie do Serwisu nast\u0105pi\u0142o przez odno\u015bnik,<\/li>\n\n\n\n<li>informacje o przegl\u0105darce u\u017cytkownika,<\/li>\n\n\n\n<li>informacje o adresie IP,<\/li>\n\n\n\n<li>informacje diagnostyczne zwi\u0105zane z procesem samodzielnego zamawiania us\u0142ug poprzez rejestratory na stronie,<\/li>\n\n\n\n<li>informacje zwi\u0105zane z obs\u0142ug\u0105 poczty elektronicznej kierowanej do Operatora oraz wysy\u0142anej przez Operatora.<\/li>\n<\/ul>\n<\/li>\n<\/ol>\n\n\n\n<h2 class=\"wp-block-heading\"><strong>4. Your Rights and Additional Information on Data Usage<\/strong><\/h2>\n\n\n\n<ol class=\"wp-block-list\">\n<li>W niekt\u00f3rych sytuacjach Administrator ma prawo przekazywa\u0107 Twoje dane osobowe innym odbiorcom, je\u015bli b\u0119dzie to niezb\u0119dne do wykonania zawartej z Tob\u0105 umowy lub do zrealizowania obowi\u0105zk\u00f3w ci\u0105\u017c\u0105cych na Administratorze. Dotyczy to takich grup odbiorc\u00f3w:\n<ul class=\"wp-block-list\">\n<li>firma hostingowa na zasadzie powierzenia<\/li>\n\n\n\n<li>firmy, \u015bwiadcz\u0105ce us\u0142ugi marketingu na rzecz Administratora<\/li>\n<\/ul>\n<\/li>\n\n\n\n<li>Your personal data processed by the Administrator will not be stored longer than necessary to perform the related activities specified by separate regulations (e.g., accounting). Regarding marketing data, the data will not be processed for more than 3 years.<\/li>\n\n\n\n<li>Przys\u0142uguje Ci prawo \u017c\u0105dania od Administratora:\n<ul class=\"wp-block-list\">\n<li>dost\u0119pu do danych osobowych Ciebie dotycz\u0105cych,<\/li>\n\n\n\n<li>ich sprostowania,<\/li>\n\n\n\n<li>usuni\u0119cia,<\/li>\n\n\n\n<li>ograniczenia przetwarzania,<\/li>\n\n\n\n<li>oraz przenoszenia danych.<\/li>\n<\/ul>\n<\/li>\n\n\n\n<li>You have the right to object to the processing of personal data for the purpose of the Administrator's legally legitimate interests, including profiling, as indicated in point 3.2. However, this right to object cannot be exercised if there are compelling legally legitimate grounds for processing that override your interests, rights, and freedoms, particularly in the establishment, exercise, or defense of legal claims.<\/li>\n\n\n\n<li>You have the right to lodge a complaint regarding the Administrator's actions with the President of the Personal Data Protection Office, ul. Stawki 2, 00-193 Warszawa, Poland.<\/li>\n\n\n\n<li>Providing personal data is voluntary, but necessary for the proper functioning of the Service.<\/li>\n\n\n\n<li>Actions involving automated decision-making may be taken in relation to you, including profiling, for the purpose of providing services under the concluded agreement and for the Administrator to conduct direct marketing.<\/li>\n\n\n\n<li>Personal data is transferred from third countries as defined by data protection regulations. This means we transfer it outside the European Union.<\/li>\n<\/ol>\n\n\n\n<h2 class=\"wp-block-heading\"><strong>5. Information in Forms<\/strong><\/h2>\n\n\n\n<ol class=\"wp-block-list\">\n<li>The Service collects information voluntarily provided by the user, including personal data, if it is supplied.<\/li>\n\n\n\n<li>The Service may save information about connection parameters (timestamp, IP address).<\/li>\n\n\n\n<li>In some cases, the Service may store information that helps link the data in a form to the email address of the user filling out the form. In such an instance, the user's email address will appear within the URL of the page containing the form.<\/li>\n\n\n\n<li>The data provided in the form is processed for the purpose resulting from the function of that specific form. For example, this could be for handling a service request or business contact, registering for services, etc. Each time, the context and description of the form clearly indicate its purpose.<\/li>\n<\/ol>\n\n\n\n<h2 class=\"wp-block-heading\"><strong>6. Administrator's Logs<\/strong><\/h2>\n\n\n\n<ol class=\"wp-block-list\">\n<li>Information about user behavior on the service may be logged. This data is used for website administration purposes.<\/li>\n<\/ol>\n\n\n\n<h2 class=\"wp-block-heading\"><strong>7. Key Marketing Techniques<\/strong><\/h2>\n\n\n\n<ol class=\"wp-block-list\">\n<li>The Operator uses statistical analysis of website traffic through Google Analytics (Google Inc. based in the USA). The Operator does not transfer personal data to the operator of this service, only anonymized information. The service relies on the use of cookies on the user's end device. Regarding information about user preferences collected by the Google advertising network, the user can review and edit information derived from cookies using the tool: https:\/\/www.google.com\/ads\/preferences\/<\/li>\n<\/ol>\n\n\n\n<h2 class=\"wp-block-heading\"><strong>8. Information About Cookies<\/strong><\/h2>\n\n\n\n<ol class=\"wp-block-list\">\n<li>The Service uses cookies.<\/li>\n\n\n\n<li>Cookies (also known as \"ciasteczka\" in Polish) are pieces of information, specifically text files, that are stored on the User's end device and are intended for use with the Service's websites. Cookies typically contain the name of the website they come from, their storage time on the end device, and a unique number.<\/li>\n\n\n\n<li>The entity placing cookies on the Service User's end device and accessing them is the Service operator.<\/li>\n\n\n\n<li>Pliki cookies wykorzystywane s\u0105 w nast\u0119puj\u0105cych celach:\n<ol class=\"wp-block-list\">\n<li>utrzymanie sesji u\u017cytkownika Serwisu (po zalogowaniu), dzi\u0119ki kt\u00f3rej u\u017cytkownik nie musi na ka\u017cdej podstronie Serwisu ponownie wpisywa\u0107 loginu i has\u0142a;<\/li>\n\n\n\n<li>realizacji cel\u00f3w okre\u015blonych powy\u017cej w cz\u0119\u015bci &#8222;Istotne techniki marketingowe&#8221;;<\/li>\n<\/ol>\n<\/li>\n\n\n\n<li>The Service uses two main types of cookies: \"session cookies\" and \"persistent cookies.\" Session cookies are temporary files stored on the User's end device until they log out, leave the website, or close the software (web browser). Persistent cookies are stored on the User's end device for a period specified in the cookie parameters or until the User deletes them.<\/li>\n\n\n\n<li>Web Browse software (internet browser) usually allows the storage of cookies on the User's end device by default. Users of the Service can change these settings. The web browser enables the deletion of cookies. It is also possible to automatically block cookies. Detailed information on this topic can be found in the help or documentation of your web browser.<\/li>\n\n\n\n<li>Restrictions on the use of cookies may affect certain functionalities available on the Service's websites.<\/li>\n\n\n\n<li>Cookies placed on the Service User's end device may also be used by entities cooperating with the Service operator, particularly including companies such as: Google (Google Inc. based in the USA), Facebook (Facebook Inc. based in the USA), and Twitter (Twitter Inc. based in the USA).<\/li>\n<\/ol>\n\n\n\n<h2 class=\"wp-block-heading\"><strong>9. Managing Cookies \u2013 How to Give and Withdraw Consent in Practice<\/strong><\/h2>\n\n\n\n<ol class=\"wp-block-list\">\n<li>If a user doesn't want to receive cookies, they can change their browser settings. We reserve the right to state that disabling cookies essential for authentication, security, and maintaining user preferences may make it difficult, and in extreme cases, impossible to use our websites.<\/li>\n\n\n\n<li>W celu zarz\u0105dzania ustawienia cookies wybierz z listy poni\u017cej przegl\u0105dark\u0119 internetow\u0105, kt\u00f3rej u\u017cywasz i post\u0119puj zgodnie z instrukcjami:<ul><li><a href=\"https:\/\/support.microsoft.com\/pl-pl\/help\/10607\/microsoft-edge-view-delete-browser-history\" target=\"_blank\" rel=\"noopener\">Edge<\/a><\/li><li><a href=\"https:\/\/support.microsoft.com\/pl-pl\/help\/278835\/how-to-delete-cookie-files-in-internet-explorer\" target=\"_blank\" rel=\"noopener\">Internet Explorer<\/a><\/li><li><a href=\"http:\/\/support.google.com\/chrome\/bin\/answer.py?hl=pl&amp;answer=95647\" target=\"_blank\" rel=\"noopener\">Chrome<\/a><\/li><li><a href=\"http:\/\/support.apple.com\/kb\/PH5042\" target=\"_blank\" rel=\"noopener\">Safari<\/a><\/li><li><a href=\"http:\/\/support.mozilla.org\/pl\/kb\/W%C5%82%C4%85czanie%20i%20wy%C5%82%C4%85czanie%20obs%C5%82ugi%20ciasteczek\" target=\"_blank\" rel=\"noopener\">Firefox<\/a><\/li><li><a href=\"http:\/\/help.opera.com\/Windows\/12.10\/pl\/cookies.html\" target=\"_blank\" rel=\"noopener\">Opera<\/a><\/li><\/ul>Urz\u0105dzenia mobilne:\n<ul class=\"wp-block-list\">\n<li><a href=\"http:\/\/support.google.com\/chrome\/bin\/answer.py?hl=pl&amp;answer=95647\" target=\"_blank\" rel=\"noopener\">Android<\/a><\/li>\n\n\n\n<li><a href=\"http:\/\/support.apple.com\/kb\/HT1677?viewlocale=pl_PL\" target=\"_blank\" rel=\"noopener\">Safari (iOS)<\/a><\/li>\n\n\n\n<li><a href=\"http:\/\/www.windowsphone.com\/pl-pl\/how-to\/wp7\/web\/changing-privacy-and-other-browser-settings\" target=\"_blank\" rel=\"noopener\">Windows Phone<\/a><\/li>\n<\/ul>\n<\/li>\n<\/ol>\n<\/div><\/div>\n\n<\/div><\/div>\n\n\n<p><\/p>","protected":false},"excerpt":{"rendered":"<p>Polityka prywatno\u015bci opisuje zasady przetwarzania przez nas informacji na Tw\u00f3j temat, w tym danych osobowych oraz ciasteczek, czyli tzw. cookies. 1. Informacje og\u00f3lne 2. Wybrane metody ochrony danych stosowane przez Operatora 3. Hosting 4. Twoje prawa i dodatkowe informacje o sposobie wykorzystania danych 5. Informacje w formularzach 6. Logi Administratora 7. Istotne techniki marketingowe 8&#8230;.<\/p>","protected":false},"author":1,"featured_media":0,"parent":0,"menu_order":0,"comment_status":"closed","ping_status":"closed","template":"","meta":{"_kad_post_transparent":"","_kad_post_title":"","_kad_post_layout":"","_kad_post_sidebar_id":"","_kad_post_content_style":"","_kad_post_vertical_padding":"","_kad_post_feature":"","_kad_post_feature_position":"","_kad_post_header":false,"_kad_post_footer":false,"_kad_post_classname":"","footnotes":""},"class_list":["post-36","page","type-page","status-publish","hentry"],"_links":{"self":[{"href":"https:\/\/psychogenogramy.com\/en\/wp-json\/wp\/v2\/pages\/36","targetHints":{"allow":["GET"]}}],"collection":[{"href":"https:\/\/psychogenogramy.com\/en\/wp-json\/wp\/v2\/pages"}],"about":[{"href":"https:\/\/psychogenogramy.com\/en\/wp-json\/wp\/v2\/types\/page"}],"author":[{"embeddable":true,"href":"https:\/\/psychogenogramy.com\/en\/wp-json\/wp\/v2\/users\/1"}],"replies":[{"embeddable":true,"href":"https:\/\/psychogenogramy.com\/en\/wp-json\/wp\/v2\/comments?post=36"}],"version-history":[{"count":0,"href":"https:\/\/psychogenogramy.com\/en\/wp-json\/wp\/v2\/pages\/36\/revisions"}],"wp:attachment":[{"href":"https:\/\/psychogenogramy.com\/en\/wp-json\/wp\/v2\/media?parent=36"}],"curies":[{"name":"wp","href":"https:\/\/api.w.org\/{rel}","templated":true}]}}